{"id":298,"date":"2015-04-02T14:48:23","date_gmt":"2015-04-02T13:48:23","guid":{"rendered":"http:\/\/florencejoubert.com\/?page_id=298"},"modified":"2020-02-08T17:09:08","modified_gmt":"2020-02-08T16:09:08","slug":"contact","status":"publish","type":"page","link":"https:\/\/florencejoubert.com\/en\/contact\/","title":{"rendered":"Infos"},"content":{"rendered":"<p><\/p>\n<p><p style=\"text-align: left;\">\u00a0<\/p>\n<p class=\"p1\"><span class=\"s1\">Dipl\u00f4m\u00e9e de l\u2019ENSAD, Florence Joubert\u00a0travaille dans les domaines de l\u2019architecture, du patrimoine, et de la science, et y explore l\u2019univers des m\u00e9tiers. Elle a notamment suivi le chantier de la Fondation Louis Vuitton durant 6 ans, collabore r\u00e9guli\u00e8rement avec le Centre Scientifique et Technique du B\u00e2timent, et r\u00e9v\u00e8le les gestes de savoir-faire de l&#8217;artisanat de luxe pour diff\u00e9rentes maisons.<\/span><\/p>\n<p class=\"p1\"><span class=\"s1\">Elle publie\u00a0par ailleurs\u00a0ses r\u00e9cits de voyage en latitudes extr\u00eames dans la presse. Ses sujets de pr\u00e9dilection, \u00e0 la marge du documentaire, racontent des lieux \u00e0 la dimension historique forte et des personnages singuliers en \u00e9troite relation avec la nature.<\/span><\/p>\n<p class=\"p1\">\u00a0<\/p>\n<p>Florence Joubert est membre du collectif les Sismographes, rassembl\u00e9 sur un projet d&#8217;exp\u00e9rience photographique commune du Grand Paris, et du collectif Studio Public,\u00a0structure interdisciplinaire qui d\u00e9veloppe des projets participatifs sur les questions de territoire\u00a0et d&#8217;identit\u00e9.<\/p>\n<p>Avec sa s\u00e9rie sur la G\u00e9orgie du Sud, une \u00eele subantarctique, elle a rejoint l&#8217;Observatoire Photographique des P\u00f4les.<\/p>\n<p>Ses images sont distribu\u00e9es par la SAIF Images, via le r\u00e9seau PI.NK. (ancienne coop\u00e9rative Picturetank)<\/p>\n<h2>\u00a0<\/h2>\n<h3 style=\"text-align: left;\"><a href=\"mailto:joubertflorence@gmail.com\">joubertflorence@gmail.com<\/a><\/h3>\n<h3 style=\"text-align: left;\">+33 6 11 29 73 97<\/h3>\n<p>&nbsp;<\/p>\n<\/p>\n<p><\/p>","protected":false},"excerpt":{"rendered":"\u00a0 Dipl\u00f4m\u00e9e de l\u2019ENSAD, Florence Joubert\u00a0travaille dans les domaines de l\u2019architecture, du patrimoine, et de la science, et y explore l\u2019univers des m\u00e9tiers. Elle a notamment suivi le chantier de la Fondation Louis Vuitton durant 6 ans, collabore r\u00e9guli\u00e8rement avec le Centre Scientifique et Technique du B\u00e2timent, et r\u00e9v\u00e8le les gestes de savoir-faire de l&#8217;artisanat&#8230; <br\/><a class=\"view-article\" href=\"https:\/\/florencejoubert.com\/en\/contact\/\">View Article<\/a>","protected":false},"author":3,"featured_media":0,"parent":0,"menu_order":8,"comment_status":"closed","ping_status":"closed","template":"","meta":[],"yoast_head":"<!-- This site is optimized with the Yoast SEO plugin v17.0 - https:\/\/yoast.com\/wordpress\/plugins\/seo\/ -->\n<meta name=\"robots\" content=\"index, follow, max-snippet:-1, max-image-preview:large, max-video-preview:-1\" \/>\n<link rel=\"canonical\" href=\"https:\/\/florencejoubert.com\/en\/contact\/\" \/>\n<meta property=\"og:locale\" content=\"en_US\" \/>\n<meta property=\"og:type\" content=\"article\" \/>\n<meta property=\"og:title\" content=\"Infos | Florence Joubert photographe\" \/>\n<meta property=\"og:description\" content=\"\u00a0 Dipl\u00f4m\u00e9e de l\u2019ENSAD, Florence Joubert\u00a0travaille dans les domaines de l\u2019architecture, du patrimoine, et de la science, et y explore l\u2019univers des m\u00e9tiers. Elle a notamment suivi le chantier de la Fondation Louis Vuitton durant 6 ans, collabore r\u00e9guli\u00e8rement avec le Centre Scientifique et Technique du B\u00e2timent, et r\u00e9v\u00e8le les gestes de savoir-faire de l&#8217;artisanat... View Article\" \/>\n<meta property=\"og:url\" content=\"https:\/\/florencejoubert.com\/contact\/\" \/>\n<meta property=\"og:site_name\" content=\"Florence Joubert\" \/>\n<meta property=\"article:modified_time\" content=\"2020-02-08T16:09:08+00:00\" \/>\n<meta name=\"twitter:card\" content=\"summary_large_image\" \/>\n<meta name=\"twitter:label1\" content=\"Est. reading time\" \/>\n\t<meta name=\"twitter:data1\" content=\"3 minutes\" \/>\n<script type=\"application\/ld+json\" class=\"yoast-schema-graph\">{\"@context\":\"https:\/\/schema.org\",\"@graph\":[{\"@type\":\"WebSite\",\"@id\":\"https:\/\/florencejoubert.com\/#website\",\"url\":\"https:\/\/florencejoubert.com\/\",\"name\":\"Florence Joubert\",\"description\":\"photographe\",\"potentialAction\":[{\"@type\":\"SearchAction\",\"target\":{\"@type\":\"EntryPoint\",\"urlTemplate\":\"https:\/\/florencejoubert.com\/?s={search_term_string}\"},\"query-input\":\"required name=search_term_string\"}],\"inLanguage\":\"en-EN\"},{\"@type\":\"WebPage\",\"@id\":\"https:\/\/florencejoubert.com\/contact\/#webpage\",\"url\":\"https:\/\/florencejoubert.com\/contact\/\",\"name\":\"Infos | Florence Joubert photographe\",\"isPartOf\":{\"@id\":\"https:\/\/florencejoubert.com\/#website\"},\"datePublished\":\"2015-04-02T13:48:23+00:00\",\"dateModified\":\"2020-02-08T16:09:08+00:00\",\"breadcrumb\":{\"@id\":\"https:\/\/florencejoubert.com\/contact\/#breadcrumb\"},\"inLanguage\":\"en-EN\",\"potentialAction\":[{\"@type\":\"ReadAction\",\"target\":[\"https:\/\/florencejoubert.com\/contact\/\"]}]},{\"@type\":\"BreadcrumbList\",\"@id\":\"https:\/\/florencejoubert.com\/contact\/#breadcrumb\",\"itemListElement\":[{\"@type\":\"ListItem\",\"position\":1,\"name\":\"Accueil\",\"item\":\"https:\/\/florencejoubert.com\/\"},{\"@type\":\"ListItem\",\"position\":2,\"name\":\"infos\"}]}]}<\/script>\n<!-- \/ Yoast SEO plugin. -->","yoast_head_json":{"robots":{"index":"index","follow":"follow","max-snippet":"max-snippet:-1","max-image-preview":"max-image-preview:large","max-video-preview":"max-video-preview:-1"},"canonical":"https:\/\/florencejoubert.com\/en\/contact\/","og_locale":"en_US","og_type":"article","og_title":"Infos | Florence Joubert photographe","og_description":"\u00a0 Dipl\u00f4m\u00e9e de l\u2019ENSAD, Florence Joubert\u00a0travaille dans les domaines de l\u2019architecture, du patrimoine, et de la science, et y explore l\u2019univers des m\u00e9tiers. Elle a notamment suivi le chantier de la Fondation Louis Vuitton durant 6 ans, collabore r\u00e9guli\u00e8rement avec le Centre Scientifique et Technique du B\u00e2timent, et r\u00e9v\u00e8le les gestes de savoir-faire de l&#8217;artisanat... View Article","og_url":"https:\/\/florencejoubert.com\/contact\/","og_site_name":"Florence Joubert","article_modified_time":"2020-02-08T16:09:08+00:00","twitter_card":"summary_large_image","twitter_misc":{"Est. reading time":"3 minutes"},"schema":{"@context":"https:\/\/schema.org","@graph":[{"@type":"WebSite","@id":"https:\/\/florencejoubert.com\/#website","url":"https:\/\/florencejoubert.com\/","name":"Florence Joubert","description":"photographe","potentialAction":[{"@type":"SearchAction","target":{"@type":"EntryPoint","urlTemplate":"https:\/\/florencejoubert.com\/?s={search_term_string}"},"query-input":"required name=search_term_string"}],"inLanguage":"en-EN"},{"@type":"WebPage","@id":"https:\/\/florencejoubert.com\/contact\/#webpage","url":"https:\/\/florencejoubert.com\/contact\/","name":"Infos | Florence Joubert photographe","isPartOf":{"@id":"https:\/\/florencejoubert.com\/#website"},"datePublished":"2015-04-02T13:48:23+00:00","dateModified":"2020-02-08T16:09:08+00:00","breadcrumb":{"@id":"https:\/\/florencejoubert.com\/contact\/#breadcrumb"},"inLanguage":"en-EN","potentialAction":[{"@type":"ReadAction","target":["https:\/\/florencejoubert.com\/contact\/"]}]},{"@type":"BreadcrumbList","@id":"https:\/\/florencejoubert.com\/contact\/#breadcrumb","itemListElement":[{"@type":"ListItem","position":1,"name":"Accueil","item":"https:\/\/florencejoubert.com\/"},{"@type":"ListItem","position":2,"name":"infos"}]}]}},"_links":{"self":[{"href":"https:\/\/florencejoubert.com\/en\/wp-json\/wp\/v2\/pages\/298"}],"collection":[{"href":"https:\/\/florencejoubert.com\/en\/wp-json\/wp\/v2\/pages"}],"about":[{"href":"https:\/\/florencejoubert.com\/en\/wp-json\/wp\/v2\/types\/page"}],"author":[{"embeddable":true,"href":"https:\/\/florencejoubert.com\/en\/wp-json\/wp\/v2\/users\/3"}],"replies":[{"embeddable":true,"href":"https:\/\/florencejoubert.com\/en\/wp-json\/wp\/v2\/comments?post=298"}],"version-history":[{"count":3,"href":"https:\/\/florencejoubert.com\/en\/wp-json\/wp\/v2\/pages\/298\/revisions"}],"predecessor-version":[{"id":2641,"href":"https:\/\/florencejoubert.com\/en\/wp-json\/wp\/v2\/pages\/298\/revisions\/2641"}],"wp:attachment":[{"href":"https:\/\/florencejoubert.com\/en\/wp-json\/wp\/v2\/media?parent=298"}],"curies":[{"name":"wp","href":"https:\/\/api.w.org\/{rel}","templated":true}]}}